{"id":3539,"date":"2026-01-31T03:56:55","date_gmt":"2026-01-31T03:56:55","guid":{"rendered":"https:\/\/asklupe.com\/about\/"},"modified":"2026-04-09T16:58:09","modified_gmt":"2026-04-09T16:58:09","slug":"sobre-nosotros","status":"publish","type":"page","link":"https:\/\/asklupe.com\/es\/sobre-nosotros\/","title":{"rendered":"Sobre Nosotros"},"content":{"rendered":"\t\t<div data-elementor-type=\"wp-page\" data-elementor-id=\"3539\" class=\"elementor elementor-3539\">\n\t\t\t\t<div class=\"elementor-element elementor-element-bb9486a e-con-full e-flex wpr-particle-no wpr-jarallax-no wpr-parallax-no wpr-sticky-section-no e-con e-parent\" data-id=\"bb9486a\" data-element_type=\"container\" data-e-type=\"container\" data-settings=\"{&quot;background_background&quot;:&quot;classic&quot;}\">\n\t\t\t\t<\/div>\n\t\t<div class=\"elementor-element elementor-element-7d3f8c8 e-flex e-con-boxed wpr-particle-no wpr-jarallax-no wpr-parallax-no wpr-sticky-section-no e-con e-parent\" data-id=\"7d3f8c8\" data-element_type=\"container\" data-e-type=\"container\" data-settings=\"{&quot;background_background&quot;:&quot;classic&quot;}\">\n\t\t\t\t\t<div class=\"e-con-inner\">\n\t\t<div class=\"elementor-element elementor-element-00e06b5 e-con-full e-flex wpr-particle-no wpr-jarallax-no wpr-parallax-no wpr-sticky-section-no e-con e-child\" data-id=\"00e06b5\" data-element_type=\"container\" data-e-type=\"container\">\n\t\t\t\t<div class=\"elementor-element elementor-element-90f567d elementor-widget elementor-widget-text-editor\" data-id=\"90f567d\" data-element_type=\"widget\" data-e-type=\"widget\" data-widget_type=\"text-editor.default\">\n\t\t\t\t\t\t\t\t\t<p><b data-path-to-node=\"4\" data-index-in-node=\"53\">Preg\u00fantele a Lupe<\/b><\/p>\t\t\t\t\t\t\t\t<\/div>\n\t\t\t\t<div class=\"elementor-element elementor-element-ab76836 elementor-widget elementor-widget-heading\" data-id=\"ab76836\" data-element_type=\"widget\" data-e-type=\"widget\" data-widget_type=\"heading.default\">\n\t\t\t\t\t<h1 class=\"elementor-heading-title elementor-size-default\">Oficinas Legales De Guadalupe Gonzalez<\/h1>\t\t\t\t<\/div>\n\t\t\t\t<\/div>\n\t\t\t\t<div class=\"elementor-element elementor-element-9e8b227 elementor-widget elementor-widget-image\" data-id=\"9e8b227\" data-element_type=\"widget\" data-e-type=\"widget\" data-widget_type=\"image.default\">\n\t\t\t\t\t\t\t\t\t\t\t\t\t\t\t<img fetchpriority=\"high\" decoding=\"async\" width=\"800\" height=\"712\" src=\"https:\/\/asklupe.com\/es\/wp-content\/uploads\/2026\/02\/lupe-about.png\" class=\"attachment-large size-large wp-image-4754\" alt=\"lupe about\" srcset=\"https:\/\/asklupe.com\/es\/wp-content\/uploads\/2026\/02\/lupe-about.png 832w, https:\/\/asklupe.com\/es\/wp-content\/uploads\/2026\/02\/lupe-about-300x267.png 300w, https:\/\/asklupe.com\/es\/wp-content\/uploads\/2026\/02\/lupe-about-768x683.png 768w\" sizes=\"(max-width: 800px) 100vw, 800px\" title=\"Sobre Nosotros\">\t\t\t\t\t\t\t\t\t\t\t\t\t\t\t<\/div>\n\t\t\t\t\t<\/div>\n\t\t\t\t<\/div>\n\t\t<div class=\"elementor-element elementor-element-c3cf25a e-flex e-con-boxed wpr-particle-no wpr-jarallax-no wpr-parallax-no wpr-sticky-section-no e-con e-parent\" data-id=\"c3cf25a\" data-element_type=\"container\" data-e-type=\"container\" data-settings=\"{&quot;background_background&quot;:&quot;classic&quot;}\">\n\t\t\t\t\t<div class=\"e-con-inner\">\n\t\t<div class=\"elementor-element elementor-element-2f8aeff e-con-full e-flex wpr-particle-no wpr-jarallax-no wpr-parallax-no wpr-sticky-section-no e-con e-child\" data-id=\"2f8aeff\" data-element_type=\"container\" data-e-type=\"container\">\n\t\t\t\t<div class=\"elementor-element elementor-element-0ad229b elementor-widget elementor-widget-text-editor\" data-id=\"0ad229b\" data-element_type=\"widget\" data-e-type=\"widget\" data-widget_type=\"text-editor.default\">\n\t\t\t\t\t\t\t\t\t<p>Consulta Gratis<\/p>\t\t\t\t\t\t\t\t<\/div>\n\t\t\t\t<\/div>\n\t\t<div class=\"elementor-element elementor-element-cb0ab00 e-con-full e-flex wpr-particle-no wpr-jarallax-no wpr-parallax-no wpr-sticky-section-no e-con e-child\" data-id=\"cb0ab00\" data-element_type=\"container\" data-e-type=\"container\">\n\t\t\t\t<div class=\"elementor-element elementor-element-ad1bac4 elementor-widget elementor-widget-text-editor\" data-id=\"ad1bac4\" data-element_type=\"widget\" data-e-type=\"widget\" data-widget_type=\"text-editor.default\">\n\t\t\t\t\t\t\t\t\t<p>1-888-303-5873<\/p>\t\t\t\t\t\t\t\t<\/div>\n\t\t\t\t<\/div>\n\t\t<div class=\"elementor-element elementor-element-22599de e-con-full e-flex wpr-particle-no wpr-jarallax-no wpr-parallax-no wpr-sticky-section-no e-con e-child\" data-id=\"22599de\" data-element_type=\"container\" data-e-type=\"container\">\n\t\t\t\t<div class=\"elementor-element elementor-element-071cbfe elementor-widget elementor-widget-text-editor\" data-id=\"071cbfe\" data-element_type=\"widget\" data-e-type=\"widget\" data-widget_type=\"text-editor.default\">\n\t\t\t\t\t\t\t\t\t<p>Condado De Orange<\/p>\t\t\t\t\t\t\t\t<\/div>\n\t\t\t\t<\/div>\n\t\t\t\t\t<\/div>\n\t\t\t\t<\/div>\n\t\t<div class=\"elementor-element elementor-element-5342d4c9 e-flex e-con-boxed wpr-particle-no wpr-jarallax-no wpr-parallax-no wpr-sticky-section-no e-con e-parent\" data-id=\"5342d4c9\" data-element_type=\"container\" data-e-type=\"container\" data-settings=\"{&quot;background_background&quot;:&quot;classic&quot;}\">\n\t\t\t\t\t<div class=\"e-con-inner\">\n\t\t<div class=\"elementor-element elementor-element-5bec5181 e-con-full e-flex wpr-particle-no wpr-jarallax-no wpr-parallax-no wpr-sticky-section-no e-con e-child\" data-id=\"5bec5181\" data-element_type=\"container\" data-e-type=\"container\">\n\t\t\t\t<div class=\"elementor-element elementor-element-c6adf2a elementor-widget elementor-widget-image\" data-id=\"c6adf2a\" data-element_type=\"widget\" data-e-type=\"widget\" data-widget_type=\"image.default\">\n\t\t\t\t\t\t\t\t\t\t\t\t\t\t\t<img decoding=\"async\" width=\"800\" height=\"800\" src=\"https:\/\/asklupe.com\/es\/wp-content\/uploads\/2026\/02\/DSC0298176638.jpg\" class=\"attachment-large size-large wp-image-4758\" alt=\"dsc0298176638\" srcset=\"https:\/\/asklupe.com\/es\/wp-content\/uploads\/2026\/02\/DSC0298176638.jpg 1024w, https:\/\/asklupe.com\/es\/wp-content\/uploads\/2026\/02\/DSC0298176638-300x300.jpg 300w, https:\/\/asklupe.com\/es\/wp-content\/uploads\/2026\/02\/DSC0298176638-150x150.jpg 150w, https:\/\/asklupe.com\/es\/wp-content\/uploads\/2026\/02\/DSC0298176638-768x768.jpg 768w\" sizes=\"(max-width: 800px) 100vw, 800px\" title=\"Sobre Nosotros\">\t\t\t\t\t\t\t\t\t\t\t\t\t\t\t<\/div>\n\t\t\t\t<\/div>\n\t\t<div class=\"elementor-element elementor-element-567144fb e-con-full e-flex wpr-particle-no wpr-jarallax-no wpr-parallax-no wpr-sticky-section-no e-con e-child\" data-id=\"567144fb\" data-element_type=\"container\" data-e-type=\"container\">\n\t\t<div class=\"elementor-element elementor-element-6bbfbe04 e-con-full e-flex wpr-particle-no wpr-jarallax-no wpr-parallax-no wpr-sticky-section-no e-con e-child\" data-id=\"6bbfbe04\" data-element_type=\"container\" data-e-type=\"container\">\n\t\t\t\t<div class=\"elementor-element elementor-element-1a0a29af elementor-widget elementor-widget-heading\" data-id=\"1a0a29af\" data-element_type=\"widget\" data-e-type=\"widget\" data-widget_type=\"heading.default\">\n\t\t\t\t\t<h2 class=\"elementor-heading-title elementor-size-default\">\u201cLos otros no son como nosotros. Yo soy t\u00fa.\u201d<\/h2>\t\t\t\t<\/div>\n\t\t\t\t<div class=\"elementor-element elementor-element-3a4bade3 elementor-widget elementor-widget-text-editor\" data-id=\"3a4bade3\" data-element_type=\"widget\" data-e-type=\"widget\" data-widget_type=\"text-editor.default\">\n\t\t\t\t\t\t\t\t\t<p data-path-to-node=\"3\">En un mercado legal en California saturado de espectaculares y anuncios en autobuses, muchos abogados prometen luchar por la comunidad. Contratan recepcionistas biling\u00fces y hacen mercadeo agresivo, pero para la mayor\u00eda, la conexi\u00f3n es solo superficial.<\/p><p data-path-to-node=\"4\">Guadalupe Gonzalez es la excepci\u00f3n. Conocida por sus clientes como Lupe, ella no solo se promociona ante la comunidad\u2014ella <span data-path-to-node=\"4\" data-index-in-node=\"123\">es<\/span> la comunidad. Nacida en M\u00e9xico y criada en las calles de Santa Ana, el camino de Lupe para convertirse en una influyente abogada de lesiones personales no fue un regalo; fue forjado a trav\u00e9s de una determinaci\u00f3n implacable y un entendimiento de primera mano de la gente que ahora defiende.<\/p>\t\t\t\t\t\t\t\t<\/div>\n\t\t\t\t<\/div>\n\t\t\t\t<\/div>\n\t\t\t\t\t<\/div>\n\t\t\t\t<\/div>\n\t\t<div class=\"elementor-element elementor-element-18aca928 e-flex e-con-boxed wpr-particle-no wpr-jarallax-no wpr-parallax-no wpr-sticky-section-no e-con e-parent\" data-id=\"18aca928\" data-element_type=\"container\" data-e-type=\"container\">\n\t\t\t\t\t<div class=\"e-con-inner\">\n\t\t<div class=\"elementor-element elementor-element-e40a09e e-con-full e-flex wpr-particle-no wpr-jarallax-no wpr-parallax-no wpr-sticky-section-no e-con e-child\" data-id=\"e40a09e\" data-element_type=\"container\" data-e-type=\"container\" data-settings=\"{&quot;background_background&quot;:&quot;classic&quot;}\">\n\t\t\t\t<div class=\"elementor-element elementor-element-c949311 elementor-widget elementor-widget-image\" data-id=\"c949311\" data-element_type=\"widget\" data-e-type=\"widget\" data-widget_type=\"image.default\">\n\t\t\t\t\t\t\t\t\t\t\t\t\t\t\t<img decoding=\"async\" width=\"800\" height=\"800\" src=\"https:\/\/asklupe.com\/es\/wp-content\/uploads\/2026\/02\/UCLA-LAW-1024x1024.jpg\" class=\"attachment-large size-large wp-image-4061\" alt=\"ucla law\" srcset=\"https:\/\/asklupe.com\/es\/wp-content\/uploads\/2026\/02\/UCLA-LAW-1024x1024.jpg 1024w, https:\/\/asklupe.com\/es\/wp-content\/uploads\/2026\/02\/UCLA-LAW-300x300.jpg 300w, https:\/\/asklupe.com\/es\/wp-content\/uploads\/2026\/02\/UCLA-LAW-150x150.jpg 150w, https:\/\/asklupe.com\/es\/wp-content\/uploads\/2026\/02\/UCLA-LAW-768x768.jpg 768w, https:\/\/asklupe.com\/es\/wp-content\/uploads\/2026\/02\/UCLA-LAW.jpg 1063w\" sizes=\"(max-width: 800px) 100vw, 800px\" title=\"Sobre Nosotros\">\t\t\t\t\t\t\t\t\t\t\t\t\t\t\t<\/div>\n\t\t\t\t<\/div>\n\t\t<div class=\"elementor-element elementor-element-3b4e6f47 e-con-full e-flex wpr-particle-no wpr-jarallax-no wpr-parallax-no wpr-sticky-section-no e-con e-child\" data-id=\"3b4e6f47\" data-element_type=\"container\" data-e-type=\"container\">\n\t\t<div class=\"elementor-element elementor-element-15a45005 e-con-full e-flex wpr-particle-no wpr-jarallax-no wpr-parallax-no wpr-sticky-section-no e-con e-child\" data-id=\"15a45005\" data-element_type=\"container\" data-e-type=\"container\" data-settings=\"{&quot;background_background&quot;:&quot;classic&quot;}\">\n\t\t\t\t<div class=\"elementor-element elementor-element-599a51c8 elementor-widget elementor-widget-heading\" data-id=\"599a51c8\" data-element_type=\"widget\" data-e-type=\"widget\" data-widget_type=\"heading.default\">\n\t\t\t\t\t<h2 class=\"elementor-heading-title elementor-size-default\">Educaci\u00f3n de \u00c9lite. Ra\u00edces Locales.<\/h2>\t\t\t\t<\/div>\n\t\t\t\t<div class=\"elementor-element elementor-element-1e90608b elementor-widget elementor-widget-text-editor\" data-id=\"1e90608b\" data-element_type=\"widget\" data-e-type=\"widget\" data-widget_type=\"text-editor.default\">\n\t\t\t\t\t\t\t\t\t<p data-path-to-node=\"2\">El camino de Lupe se defini\u00f3 por &#8216;partirse el lomo&#8217; para romper barreras. Obtuvo su t\u00edtulo de UCLA y su Doctorado en Derecho de la prestigiosa Escuela de Derecho de la Universidad de California, Irvine.<\/p><p data-path-to-node=\"3\">Al encontrarse frecuentemente en entornos donde pocos compart\u00edan sus ra\u00edces, su meta no era simplemente encajar, sino liderar. Hoy, ella canaliza ese mismo esp\u00edritu de lucha para proteger a quienes a menudo son mal representados o incomprendidos por un sistema legal que no fue construido para ellos.<\/p>\t\t\t\t\t\t\t\t<\/div>\n\t\t\t\t<\/div>\n\t\t\t\t<\/div>\n\t\t\t\t\t<\/div>\n\t\t\t\t<\/div>\n\t\t<div class=\"elementor-element elementor-element-f188d98 e-flex e-con-boxed wpr-particle-no wpr-jarallax-no wpr-parallax-no wpr-sticky-section-no e-con e-parent\" data-id=\"f188d98\" data-element_type=\"container\" data-e-type=\"container\" data-settings=\"{&quot;background_background&quot;:&quot;classic&quot;}\">\n\t\t\t\t\t<div class=\"e-con-inner\">\n\t\t<div class=\"elementor-element elementor-element-45a82ee e-con-full e-flex wpr-particle-no wpr-jarallax-no wpr-parallax-no wpr-sticky-section-no e-con e-child\" data-id=\"45a82ee\" data-element_type=\"container\" data-e-type=\"container\" data-settings=\"{&quot;background_background&quot;:&quot;classic&quot;}\">\n\t\t<div class=\"elementor-element elementor-element-96ba637 e-con-full e-flex wpr-particle-no wpr-jarallax-no wpr-parallax-no wpr-sticky-section-no e-con e-child\" data-id=\"96ba637\" data-element_type=\"container\" data-e-type=\"container\">\n\t\t\t\t<div class=\"elementor-element elementor-element-f1640c4 elementor-widget elementor-widget-image\" data-id=\"f1640c4\" data-element_type=\"widget\" data-e-type=\"widget\" data-widget_type=\"image.default\">\n\t\t\t\t\t\t\t\t\t\t\t\t\t\t\t<img loading=\"lazy\" decoding=\"async\" width=\"800\" height=\"648\" src=\"https:\/\/asklupe.com\/es\/wp-content\/uploads\/2026\/02\/oficina_.jpg\" class=\"attachment-large size-large wp-image-4216\" alt=\"oficina\" srcset=\"https:\/\/asklupe.com\/es\/wp-content\/uploads\/2026\/02\/oficina_.jpg 900w, https:\/\/asklupe.com\/es\/wp-content\/uploads\/2026\/02\/oficina_-300x243.jpg 300w, https:\/\/asklupe.com\/es\/wp-content\/uploads\/2026\/02\/oficina_-768x622.jpg 768w\" sizes=\"(max-width: 800px) 100vw, 800px\" title=\"Sobre Nosotros\">\t\t\t\t\t\t\t\t\t\t\t\t\t\t\t<\/div>\n\t\t\t\t<\/div>\n\t\t<div class=\"elementor-element elementor-element-b4d7034 e-con-full e-flex wpr-particle-no wpr-jarallax-no wpr-parallax-no wpr-sticky-section-no e-con e-child\" data-id=\"b4d7034\" data-element_type=\"container\" data-e-type=\"container\">\n\t\t<div class=\"elementor-element elementor-element-b22439d e-con-full e-flex wpr-particle-no wpr-jarallax-no wpr-parallax-no wpr-sticky-section-no e-con e-child\" data-id=\"b22439d\" data-element_type=\"container\" data-e-type=\"container\">\n\t\t\t\t<div class=\"elementor-element elementor-element-63ab214 elementor-widget elementor-widget-heading\" data-id=\"63ab214\" data-element_type=\"widget\" data-e-type=\"widget\" data-widget_type=\"heading.default\">\n\t\t\t\t\t<h2 class=\"elementor-heading-title elementor-size-default\">Autenticidad sobre Mercadeo.<\/h2>\t\t\t\t<\/div>\n\t\t\t\t<div class=\"elementor-element elementor-element-49c8055 elementor-widget elementor-widget-text-editor\" data-id=\"49c8055\" data-element_type=\"widget\" data-e-type=\"widget\" data-widget_type=\"text-editor.default\">\n\t\t\t\t\t\t\t\t\t<p data-path-to-node=\"2\">Cuando Lupe dice que lucha por las comunidades latinas de California, no es una estrategia\u2014es su identidad.<\/p><ul data-path-to-node=\"3\"><li><p data-path-to-node=\"3,0,0\"><b data-path-to-node=\"3,0,0\" data-index-in-node=\"0\">Biling\u00fce y Bicultural:<\/b> Ella entiende los matices, las ansiedades y los obst\u00e1culos espec\u00edficos que enfrentan sus clientes.<\/p><\/li><li><p data-path-to-node=\"3,1,0\"><b data-path-to-node=\"3,1,0\" data-index-in-node=\"0\">Una Defensora Feroz:<\/b> Especializada en accidentes de auto, cami\u00f3n y motocicleta, choques de Uber\/Lyft (rideshare), resbalones y ca\u00eddas, y mordeduras de perro.<\/p><\/li><li><p data-path-to-node=\"3,2,0\"><b data-path-to-node=\"3,2,0\" data-index-in-node=\"0\">Enfoque en la Familia:<\/b> &#8216;Cuando un cliente entra por mi puerta, veo a mi familia, a mis vecinos, mi propia historia&#8217;, explica Lupe. &#8216;Estoy aqu\u00ed para ayudar, no para tomar ventaja&#8217;.<\/p><\/li><\/ul>\t\t\t\t\t\t\t\t<\/div>\n\t\t\t\t<\/div>\n\t\t\t\t<\/div>\n\t\t\t\t<\/div>\n\t\t\t\t\t<\/div>\n\t\t\t\t<\/div>\n\t\t<div class=\"elementor-element elementor-element-570e852 e-flex e-con-boxed wpr-particle-no wpr-jarallax-no wpr-parallax-no wpr-sticky-section-no e-con e-parent\" data-id=\"570e852\" data-element_type=\"container\" data-e-type=\"container\">\n\t\t\t\t\t<div class=\"e-con-inner\">\n\t\t<div class=\"elementor-element elementor-element-48499bb e-con-full e-flex wpr-particle-no wpr-jarallax-no wpr-parallax-no wpr-sticky-section-no e-con e-child\" data-id=\"48499bb\" data-element_type=\"container\" data-e-type=\"container\" data-settings=\"{&quot;background_background&quot;:&quot;classic&quot;}\">\n\t\t\t\t<div class=\"elementor-element elementor-element-533f271 elementor-widget elementor-widget-image\" data-id=\"533f271\" data-element_type=\"widget\" data-e-type=\"widget\" data-widget_type=\"image.default\">\n\t\t\t\t\t\t\t\t\t\t\t\t\t\t\t<img loading=\"lazy\" decoding=\"async\" width=\"500\" height=\"500\" src=\"https:\/\/asklupe.com\/es\/wp-content\/uploads\/2026\/02\/start1.png\" class=\"attachment-large size-large wp-image-4589\" alt=\"start1\" srcset=\"https:\/\/asklupe.com\/es\/wp-content\/uploads\/2026\/02\/start1.png 500w, https:\/\/asklupe.com\/es\/wp-content\/uploads\/2026\/02\/start1-300x300.png 300w, https:\/\/asklupe.com\/es\/wp-content\/uploads\/2026\/02\/start1-150x150.png 150w\" sizes=\"(max-width: 500px) 100vw, 500px\" title=\"Sobre Nosotros\">\t\t\t\t\t\t\t\t\t\t\t\t\t\t\t<\/div>\n\t\t\t\t<\/div>\n\t\t<div class=\"elementor-element elementor-element-1b443c4 e-con-full e-flex wpr-particle-no wpr-jarallax-no wpr-parallax-no wpr-sticky-section-no e-con e-child\" data-id=\"1b443c4\" data-element_type=\"container\" data-e-type=\"container\">\n\t\t\t\t<div class=\"elementor-element elementor-element-27a48a4 elementor-widget elementor-widget-heading\" data-id=\"27a48a4\" data-element_type=\"widget\" data-e-type=\"widget\" data-widget_type=\"heading.default\">\n\t\t\t\t\t<h2 class=\"elementor-heading-title elementor-size-default\">Fuerte. Apasionada. Una de nosotros.<\/h2>\t\t\t\t<\/div>\n\t\t<div class=\"elementor-element elementor-element-dc8c7fc e-con-full e-flex wpr-particle-no wpr-jarallax-no wpr-parallax-no wpr-sticky-section-no e-con e-child\" data-id=\"dc8c7fc\" data-element_type=\"container\" data-e-type=\"container\" data-settings=\"{&quot;background_background&quot;:&quot;classic&quot;}\">\n\t\t\t\t<div class=\"elementor-element elementor-element-0d3721a elementor-widget elementor-widget-text-editor\" data-id=\"0d3721a\" data-element_type=\"widget\" data-e-type=\"widget\" data-widget_type=\"text-editor.default\">\n\t\t\t\t\t\t\t\t\t<p data-path-to-node=\"2\">La Oficina Legal de Guadalupe Gonzalez (AskLupe.com) fue fundada para cerrar la brecha entre la experiencia legal de clase mundial y una conexi\u00f3n cultural genuina. Nosotros nos encargamos del trabajo pesado \u2014enfrentando a las agresivas compa\u00f1\u00edas de seguros y litigios complejos\u2014 para que usted pueda enfocarse en su recuperaci\u00f3n.<\/p><p data-path-to-node=\"3\">No se conforme con una firma que lo ve como un n\u00famero de caso. Elija a la defensora que lo ve como un vecino.<\/p><p data-path-to-node=\"4\">Si ha sufrido una lesi\u00f3n, no solo busque un abogado.<\/p><p data-path-to-node=\"4\"><b data-path-to-node=\"4\" data-index-in-node=\"53\">Preg\u00fantele a Lupe.<\/b><\/p>\t\t\t\t\t\t\t\t<\/div>\n\t\t\t\t<\/div>\n\t\t\t\t<\/div>\n\t\t\t\t\t<\/div>\n\t\t\t\t<\/div>\n\t\t\t\t<\/div>\n\t\t","protected":false},"excerpt":{"rendered":"<p>Guadalupe Gonzalez, known as Lupe, stands out not only for her experience but also for her genuine connection with the community. Born in Mexico and raised in Santa Ana, Lupe understands the struggles of her clients because she has faced similar challenges. With an elite education and a family-focused approach, Lupe is dedicated to fighting for the rights of the Latino community in California. She is not just a lawyer; she is a passionate advocate who sees each client as a neighbor, not just a case number. Discover how she can help you!<\/p>\n","protected":false},"author":1,"featured_media":0,"parent":0,"menu_order":0,"comment_status":"closed","ping_status":"closed","template":"","meta":{"footnotes":""},"class_list":["post-3539","page","type-page","status-publish","hentry"],"_hostinger_reach_plugin_has_subscription_block":false,"_hostinger_reach_plugin_is_elementor":false,"_links":{"self":[{"href":"https:\/\/asklupe.com\/es\/wp-json\/wp\/v2\/pages\/3539","targetHints":{"allow":["GET"]}}],"collection":[{"href":"https:\/\/asklupe.com\/es\/wp-json\/wp\/v2\/pages"}],"about":[{"href":"https:\/\/asklupe.com\/es\/wp-json\/wp\/v2\/types\/page"}],"author":[{"embeddable":true,"href":"https:\/\/asklupe.com\/es\/wp-json\/wp\/v2\/users\/1"}],"replies":[{"embeddable":true,"href":"https:\/\/asklupe.com\/es\/wp-json\/wp\/v2\/comments?post=3539"}],"version-history":[{"count":128,"href":"https:\/\/asklupe.com\/es\/wp-json\/wp\/v2\/pages\/3539\/revisions"}],"predecessor-version":[{"id":5120,"href":"https:\/\/asklupe.com\/es\/wp-json\/wp\/v2\/pages\/3539\/revisions\/5120"}],"wp:attachment":[{"href":"https:\/\/asklupe.com\/es\/wp-json\/wp\/v2\/media?parent=3539"}],"curies":[{"name":"wp","href":"https:\/\/api.w.org\/{rel}","templated":true}]}}