{"id":3541,"date":"2026-01-31T03:56:55","date_gmt":"2026-01-31T03:56:55","guid":{"rendered":"https:\/\/asklupe.com\/practice-areas\/"},"modified":"2026-04-10T16:09:47","modified_gmt":"2026-04-10T16:09:47","slug":"areas-de-practica","status":"publish","type":"page","link":"https:\/\/asklupe.com\/es\/areas-de-practica\/","title":{"rendered":"\u00c1reas de Pr\u00e1ctica"},"content":{"rendered":"\t\t<div data-elementor-type=\"wp-page\" data-elementor-id=\"3541\" class=\"elementor elementor-3541\">\n\t\t\t\t<div class=\"elementor-element elementor-element-13f2c6a e-flex e-con-boxed wpr-particle-no wpr-jarallax-no wpr-parallax-no wpr-sticky-section-no e-con e-parent\" data-id=\"13f2c6a\" data-element_type=\"container\" data-e-type=\"container\">\n\t\t\t\t\t<div class=\"e-con-inner\">\n\t\t\t\t<div class=\"elementor-element elementor-element-d94bbcf elementor-widget elementor-widget-heading\" data-id=\"d94bbcf\" data-element_type=\"widget\" data-e-type=\"widget\" data-widget_type=\"heading.default\">\n\t\t\t\t\t<h1 class=\"elementor-heading-title elementor-size-default\">Areas de Practica<\/h1>\t\t\t\t<\/div>\n\t\t\t\t\t<\/div>\n\t\t\t\t<\/div>\n\t\t<div class=\"elementor-element elementor-element-be8eff4 e-flex e-con-boxed wpr-particle-no wpr-jarallax-no wpr-parallax-no wpr-sticky-section-no e-con e-parent\" data-id=\"be8eff4\" data-element_type=\"container\" data-e-type=\"container\">\n\t\t\t\t\t<div class=\"e-con-inner\">\n\t\t\t\t<div class=\"elementor-element elementor-element-9541913 elementor-widget elementor-widget-zigzag\" data-id=\"9541913\" data-element_type=\"widget\" data-e-type=\"widget\" data-settings=\"{&quot;image_shape&quot;:&quot;rounded&quot;,&quot;primary_button_shape&quot;:&quot;default&quot;}\" data-widget_type=\"zigzag.default\">\n\t\t\t\t<div class=\"elementor-widget-container\">\n\t\t\t\t\t\t\t<div class=\"ehp-zigzag has-direction-start has-alternate-button-styles\">\n\t\t\t\t\t\t\t<div class=\"ehp-zigzag__item-wrapper\">\n\t\t\t\t\t<div class=\"ehp-zigzag__item-container\">\n\t\t\t\t\t\t\t\t<div class=\"ehp-zigzag__graphic-element-container has-image\">\n\t\t\t\t\t\t<div class=\"ehp-image ehp-zigzag__image-container\">\n\t\t\t\t<img decoding=\"async\" class=\"ehp-image__img ehp-zigzag__img has-border has-shape-rounded shape-type-image\" src=\"https:\/\/asklupe.com\/es\/wp-content\/uploads\/2026\/02\/fwy_accident.jpg\" title=\"fwy accident\" alt=\"fwy accident\" loading=\"lazy\" \/>\t\t\t<\/div>\n\t\t\t\t\t<\/div>\n\t\t\t\t<div class=\"ehp-zigzag__text-container is-graphic-image\">\n\t\t\t<h2 class=\"ehp-zigzag__title\">Abogada de Accidentes de Veh\u00edculos<\/h2><p class=\"ehp-zigzag__description\"><p>Un segundo en la carretera puede cambiar su vida para siempre. Ya sea que se dirig\u00eda al trabajo por la autopista 405 o realizaba sus tareas diarias en Orange County, un accidente de tr\u00e1fico trae consigo dolor f\u00edsico, estr\u00e9s emocional y una monta\u00f1a de facturas m\u00e9dicas. En las Oficinas Legales de Guadalupe Gonzalez, no solo procesamos expedientes; restauramos vidas.<\/p>\n\n<p>Brindamos representaci\u00f3n legal experta en todo tipo de incidentes viales en California, asegurando que las compa\u00f1\u00edas de seguros le den un trato justo y que usted reciba la m\u00e1xima compensaci\u00f3n por sus lesiones personales.<\/p>\n\n<h3>Especialidades en Accidentes de Tr\u00e1fico:<\/h3>\n\n<ul>\n  <li><strong>Accidentes de Auto:<\/strong> Apoyo integral en colisiones por alcance, choques frontales y accidentes causados por conductores distra\u00eddos en las calles de Costa Mesa y Santa Ana.<\/li>\n  <li><strong>Accidentes de Cami\u00f3n:<\/strong> Expertos en navegar las complejas regulaciones federales y la responsabilidad de empresas de log\u00edstica y transporte comercial.<\/li>\n  <li><strong>Accidentes de Motocicleta:<\/strong> Defensa firme de los derechos de los motociclistas contra los prejuicios de las aseguradoras que suelen culpar al conductor sin investigar.<\/li>\n  <li><strong>Accidentes de Peatones y Bicicletas:<\/strong> Protecci\u00f3n y defensa dedicada para los usuarios m\u00e1s vulnerables en las carreteras del Condado de Orange.<\/li>\n<\/ul><\/p>\t\t<div class=\"ehp-zigzag__button-container\">\n\t\t\t<a class=\"ehp-button ehp-button--primary ehp-zigzag__button ehp-zigzag__button--primary is-type-button has-shape-default shape-type-button\" href=\"https:\/\/asklupe.com\/es\/areas-de-practica\/accidentes-de-vehiculos\/\">\n\t\t\t\t<span class=\"ehp-zigzag__button-text\">Aprende Mas<\/span>\t\t\t\t\t<\/a>\n\t\t<\/div>\n\t\t\t\t<\/div>\n\t\t\t\t\t\t\t<\/div>\n\t\t\t\t<\/div>\n\t\t\t\t\t\t\t\t<div class=\"ehp-zigzag__item-wrapper\">\n\t\t\t\t\t<div class=\"ehp-zigzag__item-container\">\n\t\t\t\t\t\t\t\t<div class=\"ehp-zigzag__graphic-element-container has-image\">\n\t\t\t\t\t\t<div class=\"ehp-image ehp-zigzag__image-container ehp-image ehp-zigzag__image-container\">\n\t\t\t\t<img decoding=\"async\" class=\"ehp-image__img ehp-zigzag__img has-border has-shape-rounded shape-type-image\" src=\"https:\/\/asklupe.com\/es\/wp-content\/uploads\/2026\/02\/injured-slip-and-fall.jpg\" title=\"injured slip and fall\" alt=\"injured slip and fall\" loading=\"lazy\" \/>\t\t\t<\/div>\n\t\t\t\t\t<\/div>\n\t\t\t\t<div class=\"ehp-zigzag__text-container is-graphic-image\">\n\t\t\t<h2 class=\"ehp-zigzag__title\">Lesiones Personales<\/h2><p class=\"ehp-zigzag__description\"><p data-path-to-node=\"11\">Cuando ocurre una lesi\u00f3n debido a la negligencia de otra persona, el impacto llega mucho m\u00e1s all\u00e1 del trauma inicial. Afecta su capacidad para trabajar, sus relaciones y su bienestar a largo plazo. Nuestro equipo de Lesiones Personales se dedica a responsabilizar a las partes negligentes y a asegurar los recursos que usted necesita para una recuperaci\u00f3n completa.<\/p>\n<p data-path-to-node=\"12\">Desde incidentes de resbalones y ca\u00eddas hasta casos complejos de responsabilidad civil, ofrecemos la defensa agresiva y la gu\u00eda compasiva necesarias para navegar el sistema legal con confianza.<\/p>\n<p data-path-to-node=\"13\"><b data-path-to-node=\"13\" data-index-in-node=\"0\">Nuestra Experiencia en Lesiones Personales Incluye:<\/b><\/p>\n\n<ul data-path-to-node=\"14\">\n \t<li>\n<p data-path-to-node=\"14,0,0\"><b data-path-to-node=\"14,0,0\" data-index-in-node=\"0\">Responsabilidad de Premisas:<\/b> Buscamos justicia por lesiones causadas por condiciones inseguras en una propiedad o accidentes de \"resbalones y ca\u00eddas\".<\/p>\n<\/li>\n \t<li>\n<p data-path-to-node=\"14,1,0\"><b data-path-to-node=\"14,1,0\" data-index-in-node=\"0\">Lesiones Laborales:<\/b> Le ayudamos a asegurar beneficios e indemnizaciones cuando se ignoran los est\u00e1ndares de seguridad en el trabajo.<\/p>\n<\/li>\n \t<li>\n<p data-path-to-node=\"14,2,0\"><b data-path-to-node=\"14,2,0\" data-index-in-node=\"0\">Muerte Injusta (Wrongful Death):<\/b> Brindamos una voz a las familias que han perdido a un ser querido debido a las acciones imprudentes de otros.<\/p>\n<\/li>\n \t<li>\n<p data-path-to-node=\"14,3,0\"><b data-path-to-node=\"14,3,0\" data-index-in-node=\"0\">Lesiones Catastr\u00f3ficas:<\/b> Estrategias legales a largo plazo para condiciones que alteran la vida, como lesiones cerebrales traum\u00e1ticas o da\u00f1os en la columna vertebral.<\/p>\n<\/li>\n<\/ul><\/p>\t\t<div class=\"ehp-zigzag__button-container ehp-zigzag__button-container\">\n\t\t\t<a class=\"ehp-button ehp-button--primary ehp-zigzag__button ehp-zigzag__button--primary is-type-button has-shape-default shape-type-button\" href=\"https:\/\/asklupe.com\/es\/areas-de-practica\/lesiones-personales\/\">\n\t\t\t\t<span class=\"ehp-zigzag__button-text\">Aprende Mas<\/span>\t\t\t\t\t<\/a>\n\t\t<\/div>\n\t\t\t\t<\/div>\n\t\t\t\t\t\t\t<\/div>\n\t\t\t\t<\/div>\n\t\t\t\t\t\t\t<\/div>\n\t\t\t\t\t\t<\/div>\n\t\t\t\t<\/div>\n\t\t\t\t\t<\/div>\n\t\t\t\t<\/div>\n\t\t<div class=\"elementor-element elementor-element-5962e82 e-flex e-con-boxed wpr-particle-no wpr-jarallax-no wpr-parallax-no wpr-sticky-section-no e-con e-parent\" data-id=\"5962e82\" data-element_type=\"container\" data-e-type=\"container\" data-settings=\"{&quot;background_background&quot;:&quot;classic&quot;}\">\n\t\t\t\t\t<div class=\"e-con-inner\">\n\t\t\t\t<div class=\"elementor-element elementor-element-79747d7 elementor-widget elementor-widget-text-editor\" data-id=\"79747d7\" data-element_type=\"widget\" data-e-type=\"widget\" data-widget_type=\"text-editor.default\">\n\t\t\t\t\t\t\t\t\t<h3 data-path-to-node=\"2\"><b data-path-to-node=\"2\" data-index-in-node=\"0\">\u00bfPor qu\u00e9 elegir nuestra firma?<\/b><\/h3><ul data-path-to-node=\"3\"><li><p data-path-to-node=\"3,0,0\"><b data-path-to-node=\"3,0,0\" data-index-in-node=\"0\">Sin honorarios a menos que ganemos:<\/b> Usted enf\u00f3quese en sanar; nosotros nos encargamos del riesgo financiero.<\/p><\/li><li><p data-path-to-node=\"3,1,0\"><b data-path-to-node=\"3,1,0\" data-index-in-node=\"0\">Acceso directo a los socios:<\/b> Su caso no ser\u00e1 entregado a un asistente o empleado principiante.<\/p><\/li><li><p data-path-to-node=\"3,2,0\"><b data-path-to-node=\"3,2,0\" data-index-in-node=\"0\">Resultados comprobados:<\/b> Contamos con una trayectoria s\u00f3lida logrando acuerdos de alto valor y veredictos en juicios.<\/p><\/li><\/ul><p data-path-to-node=\"4\"><b data-path-to-node=\"4\" data-index-in-node=\"0\">\u00bfEst\u00e1 listo para hablar de su caso?<\/b><\/p>\t\t\t\t\t\t\t\t<\/div>\n\t\t\t\t<div class=\"elementor-element elementor-element-1d7357f elementor-align-left elementor-widget elementor-widget-button\" data-id=\"1d7357f\" data-element_type=\"widget\" data-e-type=\"widget\" data-widget_type=\"button.default\">\n\t\t\t\t\t\t\t\t\t\t<a class=\"elementor-button elementor-button-link elementor-size-sm\" href=\"\/get-started\">\n\t\t\t\t\t\t<span class=\"elementor-button-content-wrapper\">\n\t\t\t\t\t\t\t\t\t<span class=\"elementor-button-text\">Evaluar Mi Caso<\/span>\n\t\t\t\t\t<\/span>\n\t\t\t\t\t<\/a>\n\t\t\t\t\t\t\t\t<\/div>\n\t\t\t\t\t<\/div>\n\t\t\t\t<\/div>\n\t\t\t\t<\/div>\n\t\t","protected":false},"excerpt":{"rendered":"<p>Areas de Practica Abogada de Accidentes de Veh\u00edculos Un segundo en la carretera puede cambiar su vida para siempre. Ya sea que se dirig\u00eda al trabajo por la autopista 405 o realizaba sus tareas diarias en Orange County, un accidente de tr\u00e1fico trae consigo dolor f\u00edsico, estr\u00e9s emocional y una monta\u00f1a de facturas m\u00e9dicas. En las Oficinas Legales de Guadalupe Gonzalez, no solo procesamos expedientes; restauramos vidas. Brindamos representaci\u00f3n legal experta en todo tipo de incidentes viales en California, asegurando que las compa\u00f1\u00edas de seguros le den un trato justo y que usted reciba la m\u00e1xima compensaci\u00f3n por sus lesiones personales. Especialidades en Accidentes de Tr\u00e1fico: Accidentes de Auto: Apoyo integral en colisiones por alcance, choques frontales y accidentes causados por conductores distra\u00eddos en las calles de Costa Mesa y Santa Ana. Accidentes de Cami\u00f3n: Expertos en navegar las complejas regulaciones federales y la responsabilidad de empresas de log\u00edstica y transporte comercial. Accidentes de Motocicleta: Defensa firme de los derechos de los motociclistas contra los prejuicios de las aseguradoras que suelen culpar al conductor sin investigar. Accidentes de Peatones y Bicicletas: Protecci\u00f3n y defensa dedicada para los usuarios m\u00e1s vulnerables en las carreteras del Condado de Orange. Aprende Mas Lesiones Personales Cuando ocurre una lesi\u00f3n debido a la negligencia de otra persona, el impacto llega mucho m\u00e1s all\u00e1 del trauma inicial. Afecta su capacidad para trabajar, sus relaciones y su bienestar a largo plazo. Nuestro equipo de Lesiones Personales se dedica a responsabilizar a las partes negligentes y a asegurar los recursos que usted necesita para una recuperaci\u00f3n completa. Desde incidentes de resbalones y ca\u00eddas hasta casos complejos de responsabilidad civil, ofrecemos la defensa agresiva y la gu\u00eda compasiva necesarias para navegar el sistema legal con confianza. Nuestra Experiencia en Lesiones Personales Incluye: Responsabilidad de Premisas: Buscamos justicia por lesiones causadas por condiciones inseguras en una propiedad o accidentes de &#8220;resbalones y ca\u00eddas&#8221;. Lesiones Laborales: Le ayudamos a asegurar beneficios e indemnizaciones cuando se ignoran los est\u00e1ndares de seguridad en el trabajo. Muerte Injusta (Wrongful Death): Brindamos una voz a las familias que han perdido a un ser querido debido a las acciones imprudentes de otros. Lesiones Catastr\u00f3ficas: Estrategias legales a largo plazo para condiciones que alteran la vida, como lesiones cerebrales traum\u00e1ticas o da\u00f1os en la columna vertebral. Aprende Mas \u00bfPor qu\u00e9 elegir nuestra firma? Sin honorarios a menos que ganemos: Usted enf\u00f3quese en sanar; nosotros nos encargamos del riesgo financiero. Acceso directo a los socios: Su caso no ser\u00e1 entregado a un asistente o empleado principiante. Resultados comprobados: Contamos con una trayectoria s\u00f3lida logrando acuerdos de alto valor y veredictos en juicios. \u00bfEst\u00e1 listo para hablar de su caso? Evaluar Mi Caso<\/p>\n","protected":false},"author":1,"featured_media":0,"parent":0,"menu_order":0,"comment_status":"closed","ping_status":"closed","template":"","meta":{"footnotes":""},"class_list":["post-3541","page","type-page","status-publish","hentry"],"_hostinger_reach_plugin_has_subscription_block":false,"_hostinger_reach_plugin_is_elementor":false,"_links":{"self":[{"href":"https:\/\/asklupe.com\/es\/wp-json\/wp\/v2\/pages\/3541","targetHints":{"allow":["GET"]}}],"collection":[{"href":"https:\/\/asklupe.com\/es\/wp-json\/wp\/v2\/pages"}],"about":[{"href":"https:\/\/asklupe.com\/es\/wp-json\/wp\/v2\/types\/page"}],"author":[{"embeddable":true,"href":"https:\/\/asklupe.com\/es\/wp-json\/wp\/v2\/users\/1"}],"replies":[{"embeddable":true,"href":"https:\/\/asklupe.com\/es\/wp-json\/wp\/v2\/comments?post=3541"}],"version-history":[{"count":67,"href":"https:\/\/asklupe.com\/es\/wp-json\/wp\/v2\/pages\/3541\/revisions"}],"predecessor-version":[{"id":5167,"href":"https:\/\/asklupe.com\/es\/wp-json\/wp\/v2\/pages\/3541\/revisions\/5167"}],"wp:attachment":[{"href":"https:\/\/asklupe.com\/es\/wp-json\/wp\/v2\/media?parent=3541"}],"curies":[{"name":"wp","href":"https:\/\/api.w.org\/{rel}","templated":true}]}}