{"id":4258,"date":"2026-02-08T14:00:20","date_gmt":"2026-02-08T14:00:20","guid":{"rendered":"https:\/\/asklupe.com\/?page_id=4258"},"modified":"2026-04-10T16:31:43","modified_gmt":"2026-04-10T16:31:43","slug":"accidentes-de-vehiculos","status":"publish","type":"page","link":"https:\/\/asklupe.com\/es\/areas-de-practica\/accidentes-de-vehiculos\/","title":{"rendered":"Accidentes De Vehiculos"},"content":{"rendered":"\t\t<div data-elementor-type=\"wp-page\" data-elementor-id=\"4258\" class=\"elementor elementor-4258\">\n\t\t\t\t<div class=\"elementor-element elementor-element-afdcd2d e-flex e-con-boxed wpr-particle-no wpr-jarallax-no wpr-parallax-no wpr-sticky-section-no e-con e-parent\" data-id=\"afdcd2d\" data-element_type=\"container\" data-e-type=\"container\">\n\t\t\t\t\t<div class=\"e-con-inner\">\n\t\t\t\t<div class=\"elementor-element elementor-element-88a26f1 elementor-widget elementor-widget-heading\" data-id=\"88a26f1\" data-element_type=\"widget\" data-e-type=\"widget\" data-widget_type=\"heading.default\">\n\t\t\t\t\t<h1 class=\"elementor-heading-title elementor-size-default\">Abogada de Accidentes de Vehiculos<\/h1>\t\t\t\t<\/div>\n\t\t\t\t\t<\/div>\n\t\t\t\t<\/div>\n\t\t<div class=\"elementor-element elementor-element-353dc7f e-flex e-con-boxed wpr-particle-no wpr-jarallax-no wpr-parallax-no wpr-sticky-section-no e-con e-parent\" data-id=\"353dc7f\" data-element_type=\"container\" data-e-type=\"container\">\n\t\t\t\t\t<div class=\"e-con-inner\">\n\t\t<div class=\"elementor-element elementor-element-8b3271c e-con-full e-flex wpr-particle-no wpr-jarallax-no wpr-parallax-no wpr-sticky-section-no e-con e-child\" data-id=\"8b3271c\" data-element_type=\"container\" data-e-type=\"container\">\n\t\t\t\t<div class=\"elementor-element elementor-element-7b33ad4 elementor-widget elementor-widget-heading\" data-id=\"7b33ad4\" data-element_type=\"widget\" data-e-type=\"widget\" data-widget_type=\"heading.default\">\n\t\t\t\t\t<h2 class=\"elementor-heading-title elementor-size-default\">Accidentes de Auto<\/h2>\t\t\t\t<\/div>\n\t\t\t\t<div class=\"elementor-element elementor-element-b605139 elementor-widget elementor-widget-image\" data-id=\"b605139\" data-element_type=\"widget\" data-e-type=\"widget\" data-widget_type=\"image.default\">\n\t\t\t\t\t\t\t\t\t\t\t\t\t\t\t<img fetchpriority=\"high\" decoding=\"async\" width=\"600\" height=\"572\" src=\"https:\/\/asklupe.com\/es\/wp-content\/uploads\/2026\/02\/car-accident.jpg\" class=\"attachment-large size-large wp-image-4282\" alt=\"Accidente de auto en California\" srcset=\"https:\/\/asklupe.com\/es\/wp-content\/uploads\/2026\/02\/car-accident.jpg 600w, https:\/\/asklupe.com\/es\/wp-content\/uploads\/2026\/02\/car-accident-300x286.jpg 300w\" sizes=\"(max-width: 600px) 100vw, 600px\" title=\"Accidentes De Vehiculos\">\t\t\t\t\t\t\t\t\t\t\t\t\t\t\t<\/div>\n\t\t\t\t<div class=\"elementor-element elementor-element-9c97aa6 elementor-widget elementor-widget-text-editor\" data-id=\"9c97aa6\" data-element_type=\"widget\" data-e-type=\"widget\" data-widget_type=\"text-editor.default\">\n\t\t\t\t\t\t\t\t\t<p>Choques de alto impacto, colisiones por alcance y accidentes de impacto lateral (T-bone) en las calles y autopistas m\u00e1s transitadas de California.<\/p>\t\t\t\t\t\t\t\t<\/div>\n\t\t\t\t<\/div>\n\t\t<div class=\"elementor-element elementor-element-2105514 e-con-full e-flex wpr-particle-no wpr-jarallax-no wpr-parallax-no wpr-sticky-section-no e-con e-child\" data-id=\"2105514\" data-element_type=\"container\" data-e-type=\"container\">\n\t\t\t\t<div class=\"elementor-element elementor-element-022bd1b elementor-widget elementor-widget-heading\" data-id=\"022bd1b\" data-element_type=\"widget\" data-e-type=\"widget\" data-widget_type=\"heading.default\">\n\t\t\t\t\t<h2 class=\"elementor-heading-title elementor-size-default\">Accidentes de Cami\u00f3n<\/h2>\t\t\t\t<\/div>\n\t\t\t\t<div class=\"elementor-element elementor-element-c9f8ea1 elementor-widget elementor-widget-image\" data-id=\"c9f8ea1\" data-element_type=\"widget\" data-e-type=\"widget\" data-widget_type=\"image.default\">\n\t\t\t\t\t\t\t\t\t\t\t\t\t\t\t<img decoding=\"async\" width=\"600\" height=\"572\" src=\"https:\/\/asklupe.com\/es\/wp-content\/uploads\/2026\/02\/truck-accident.jpg\" class=\"attachment-large size-large wp-image-4287\" alt=\"Un accidente de camion\" srcset=\"https:\/\/asklupe.com\/es\/wp-content\/uploads\/2026\/02\/truck-accident.jpg 600w, https:\/\/asklupe.com\/es\/wp-content\/uploads\/2026\/02\/truck-accident-300x286.jpg 300w\" sizes=\"(max-width: 600px) 100vw, 600px\" title=\"Accidentes De Vehiculos\">\t\t\t\t\t\t\t\t\t\t\t\t\t\t\t<\/div>\n\t\t\t\t<div class=\"elementor-element elementor-element-913f9ca elementor-widget elementor-widget-text-editor\" data-id=\"913f9ca\" data-element_type=\"widget\" data-e-type=\"widget\" data-widget_type=\"text-editor.default\">\n\t\t\t\t\t\t\t\t\t<p>Casos complejos que involucran camiones de carga, camionetas de entrega y empresas de log\u00edstica, donde el &#8220;sistema&#8221; realmente pone todo en su contra.<\/p>\t\t\t\t\t\t\t\t<\/div>\n\t\t\t\t<\/div>\n\t\t<div class=\"elementor-element elementor-element-86234eb e-con-full e-flex wpr-particle-no wpr-jarallax-no wpr-parallax-no wpr-sticky-section-no e-con e-child\" data-id=\"86234eb\" data-element_type=\"container\" data-e-type=\"container\">\n\t\t\t\t<div class=\"elementor-element elementor-element-fee7161 elementor-widget elementor-widget-heading\" data-id=\"fee7161\" data-element_type=\"widget\" data-e-type=\"widget\" data-widget_type=\"heading.default\">\n\t\t\t\t\t<h2 class=\"elementor-heading-title elementor-size-default\">Accidentes de Motocicleta<\/h2>\t\t\t\t<\/div>\n\t\t\t\t<div class=\"elementor-element elementor-element-a5ad576 elementor-widget elementor-widget-image\" data-id=\"a5ad576\" data-element_type=\"widget\" data-e-type=\"widget\" data-widget_type=\"image.default\">\n\t\t\t\t\t\t\t\t\t\t\t\t\t\t\t<img decoding=\"async\" width=\"600\" height=\"572\" src=\"https:\/\/asklupe.com\/es\/wp-content\/uploads\/2026\/02\/motorcycle-accident.jpg\" class=\"attachment-large size-large wp-image-4284\" alt=\"Accidente de motocicleta\" srcset=\"https:\/\/asklupe.com\/es\/wp-content\/uploads\/2026\/02\/motorcycle-accident.jpg 600w, https:\/\/asklupe.com\/es\/wp-content\/uploads\/2026\/02\/motorcycle-accident-300x286.jpg 300w\" sizes=\"(max-width: 600px) 100vw, 600px\" title=\"Accidentes De Vehiculos\">\t\t\t\t\t\t\t\t\t\t\t\t\t\t\t<\/div>\n\t\t\t\t<div class=\"elementor-element elementor-element-d8ebf73 elementor-widget elementor-widget-text-editor\" data-id=\"d8ebf73\" data-element_type=\"widget\" data-e-type=\"widget\" data-widget_type=\"text-editor.default\">\n\t\t\t\t\t\t\t\t\t<p>Protegemos a los motociclistas que, a menudo, son culpados injustamente por las aseguradoras, a pesar de ser los m\u00e1s vulnerables en la carretera.<\/p>\t\t\t\t\t\t\t\t<\/div>\n\t\t\t\t<\/div>\n\t\t<div class=\"elementor-element elementor-element-6b33cc4 e-con-full e-flex wpr-particle-no wpr-jarallax-no wpr-parallax-no wpr-sticky-section-no e-con e-child\" data-id=\"6b33cc4\" data-element_type=\"container\" data-e-type=\"container\">\n\t\t\t\t<div class=\"elementor-element elementor-element-a8fb7a0 elementor-widget elementor-widget-heading\" data-id=\"a8fb7a0\" data-element_type=\"widget\" data-e-type=\"widget\" data-widget_type=\"heading.default\">\n\t\t\t\t\t<h2 class=\"elementor-heading-title elementor-size-default\">Accidentes de Viajes Compartidos<\/h2>\t\t\t\t<\/div>\n\t\t\t\t<div class=\"elementor-element elementor-element-7df6df3 elementor-widget elementor-widget-image\" data-id=\"7df6df3\" data-element_type=\"widget\" data-e-type=\"widget\" data-widget_type=\"image.default\">\n\t\t\t\t\t\t\t\t\t\t\t\t\t\t\t<img loading=\"lazy\" decoding=\"async\" width=\"600\" height=\"572\" src=\"https:\/\/asklupe.com\/es\/wp-content\/uploads\/2026\/02\/rideshare-accident.jpg\" class=\"attachment-large size-large wp-image-4286\" alt=\"Accidente Uber o Lyft\" srcset=\"https:\/\/asklupe.com\/es\/wp-content\/uploads\/2026\/02\/rideshare-accident.jpg 600w, https:\/\/asklupe.com\/es\/wp-content\/uploads\/2026\/02\/rideshare-accident-300x286.jpg 300w\" sizes=\"(max-width: 600px) 100vw, 600px\" title=\"Accidentes De Vehiculos\">\t\t\t\t\t\t\t\t\t\t\t\t\t\t\t<\/div>\n\t\t\t\t<div class=\"elementor-element elementor-element-caf9a09 elementor-widget elementor-widget-text-editor\" data-id=\"caf9a09\" data-element_type=\"widget\" data-e-type=\"widget\" data-widget_type=\"text-editor.default\">\n\t\t\t\t\t\t\t\t\t<p>Navegamos las complicadas capas de seguros cuando usted resulta lesionado como pasajero o es golpeado por un conductor distra\u00eddo de Uber o Lyft.<\/p>\t\t\t\t\t\t\t\t<\/div>\n\t\t\t\t<\/div>\n\t\t<div class=\"elementor-element elementor-element-20b0910 e-con-full e-flex wpr-particle-no wpr-jarallax-no wpr-parallax-no wpr-sticky-section-no e-con e-child\" data-id=\"20b0910\" data-element_type=\"container\" data-e-type=\"container\">\n\t\t\t\t<div class=\"elementor-element elementor-element-f08fcb5 elementor-widget elementor-widget-heading\" data-id=\"f08fcb5\" data-element_type=\"widget\" data-e-type=\"widget\" data-widget_type=\"heading.default\">\n\t\t\t\t\t<h2 class=\"elementor-heading-title elementor-size-default\">Accidentes de Peatones<\/h2>\t\t\t\t<\/div>\n\t\t\t\t<div class=\"elementor-element elementor-element-c4ab3ea elementor-widget elementor-widget-image\" data-id=\"c4ab3ea\" data-element_type=\"widget\" data-e-type=\"widget\" data-widget_type=\"image.default\">\n\t\t\t\t\t\t\t\t\t\t\t\t\t\t\t<img loading=\"lazy\" decoding=\"async\" width=\"600\" height=\"572\" src=\"https:\/\/asklupe.com\/es\/wp-content\/uploads\/2026\/02\/pedestrian-accident.jpg\" class=\"attachment-large size-large wp-image-4285\" alt=\"Accidente caminando\" srcset=\"https:\/\/asklupe.com\/es\/wp-content\/uploads\/2026\/02\/pedestrian-accident.jpg 600w, https:\/\/asklupe.com\/es\/wp-content\/uploads\/2026\/02\/pedestrian-accident-300x286.jpg 300w\" sizes=\"(max-width: 600px) 100vw, 600px\" title=\"Accidentes De Vehiculos\">\t\t\t\t\t\t\t\t\t\t\t\t\t\t\t<\/div>\n\t\t\t\t<div class=\"elementor-element elementor-element-39d47b6 elementor-widget elementor-widget-text-editor\" data-id=\"39d47b6\" data-element_type=\"widget\" data-e-type=\"widget\" data-widget_type=\"text-editor.default\">\n\t\t\t\t\t\t\t\t\t<p>Ask Lupe le brinda la defensa feroz que usted necesita para responsabilizar a los conductores negligentes y asegurar la compensaci\u00f3n necesaria para su recuperaci\u00f3n.<\/p>\t\t\t\t\t\t\t\t<\/div>\n\t\t\t\t<\/div>\n\t\t<div class=\"elementor-element elementor-element-b9926d1 e-con-full e-flex wpr-particle-no wpr-jarallax-no wpr-parallax-no wpr-sticky-section-no e-con e-child\" data-id=\"b9926d1\" data-element_type=\"container\" data-e-type=\"container\">\n\t\t\t\t<div class=\"elementor-element elementor-element-61ee81e elementor-widget elementor-widget-heading\" data-id=\"61ee81e\" data-element_type=\"widget\" data-e-type=\"widget\" data-widget_type=\"heading.default\">\n\t\t\t\t\t<h2 class=\"elementor-heading-title elementor-size-default\">Accidentes de Bicicleta<\/h2>\t\t\t\t<\/div>\n\t\t\t\t<div class=\"elementor-element elementor-element-1e73c35 elementor-widget elementor-widget-image\" data-id=\"1e73c35\" data-element_type=\"widget\" data-e-type=\"widget\" data-widget_type=\"image.default\">\n\t\t\t\t\t\t\t\t\t\t\t\t\t\t\t<img loading=\"lazy\" decoding=\"async\" width=\"600\" height=\"572\" src=\"https:\/\/asklupe.com\/es\/wp-content\/uploads\/2026\/02\/bicycle-accident.jpg\" class=\"attachment-large size-large wp-image-4283\" alt=\"Accidenete de bicicletas\" srcset=\"https:\/\/asklupe.com\/es\/wp-content\/uploads\/2026\/02\/bicycle-accident.jpg 600w, https:\/\/asklupe.com\/es\/wp-content\/uploads\/2026\/02\/bicycle-accident-300x286.jpg 300w\" sizes=\"(max-width: 600px) 100vw, 600px\" title=\"Accidentes De Vehiculos\">\t\t\t\t\t\t\t\t\t\t\t\t\t\t\t<\/div>\n\t\t\t\t<div class=\"elementor-element elementor-element-37fcc2e elementor-widget elementor-widget-text-editor\" data-id=\"37fcc2e\" data-element_type=\"widget\" data-e-type=\"widget\" data-widget_type=\"text-editor.default\">\n\t\t\t\t\t\t\t\t\t<p>Si ha sido atropellado mientras montaba en bicicleta, <b data-path-to-node=\"2,0\" data-index-in-node=\"78\">Ask Lupe<\/b>. Nosotros nivelamos el campo de juego contra las grandes aseguradoras para asegurar que nuestra gente en bicicleta sea respetada y pueda recuperar su bienestar total.<\/p>\t\t\t\t\t\t\t\t<\/div>\n\t\t\t\t<\/div>\n\t\t\t\t\t<\/div>\n\t\t\t\t<\/div>\n\t\t<div class=\"elementor-element elementor-element-0e685c0 e-flex e-con-boxed wpr-particle-no wpr-jarallax-no wpr-parallax-no wpr-sticky-section-no e-con e-parent\" data-id=\"0e685c0\" data-element_type=\"container\" data-e-type=\"container\" data-settings=\"{&quot;background_background&quot;:&quot;classic&quot;}\">\n\t\t\t\t\t<div class=\"e-con-inner\">\n\t\t\t\t<div class=\"elementor-element elementor-element-f0a2e03 elementor-widget elementor-widget-text-editor\" data-id=\"f0a2e03\" data-element_type=\"widget\" data-e-type=\"widget\" data-widget_type=\"text-editor.default\">\n\t\t\t\t\t\t\t\t\t<h3 data-path-to-node=\"2\"><b data-path-to-node=\"2\" data-index-in-node=\"0\">\u00bfPor qu\u00e9 elegir nuestra firma?<\/b><\/h3><ul data-path-to-node=\"3\"><li><p data-path-to-node=\"3,0,0\"><b data-path-to-node=\"3,0,0\" data-index-in-node=\"0\">Sin honorarios a menos que ganemos:<\/b> Usted enf\u00f3quese en sanar; nosotros nos encargamos del riesgo financiero.<\/p><\/li><li><p data-path-to-node=\"3,1,0\"><b data-path-to-node=\"3,1,0\" data-index-in-node=\"0\">Acceso directo a los socios:<\/b> Su caso no ser\u00e1 entregado a un asistente o empleado principiante.<\/p><\/li><li><p data-path-to-node=\"3,2,0\"><b data-path-to-node=\"3,2,0\" data-index-in-node=\"0\">Resultados comprobados:<\/b> Contamos con una trayectoria s\u00f3lida logrando acuerdos de alto valor y veredictos en juicios.<\/p><\/li><\/ul><p data-path-to-node=\"4\"><b data-path-to-node=\"4\" data-index-in-node=\"0\">\u00bfEst\u00e1 listo para hablar de su caso?<\/b><\/p>\t\t\t\t\t\t\t\t<\/div>\n\t\t\t\t<div class=\"elementor-element elementor-element-43654ef elementor-align-left elementor-widget elementor-widget-button\" data-id=\"43654ef\" data-element_type=\"widget\" data-e-type=\"widget\" data-widget_type=\"button.default\">\n\t\t\t\t\t\t\t\t\t\t<a class=\"elementor-button elementor-button-link elementor-size-sm\" href=\"\/get-started\">\n\t\t\t\t\t\t<span class=\"elementor-button-content-wrapper\">\n\t\t\t\t\t\t\t\t\t<span class=\"elementor-button-text\">Evaluar Mi Caso<\/span>\n\t\t\t\t\t<\/span>\n\t\t\t\t\t<\/a>\n\t\t\t\t\t\t\t\t<\/div>\n\t\t\t\t\t<\/div>\n\t\t\t\t<\/div>\n\t\t\t\t<\/div>\n\t\t","protected":false},"excerpt":{"rendered":"<p>Abogada de Accidentes de Vehiculos Accidentes de Auto Choques de alto impacto, colisiones por alcance y accidentes de impacto lateral (T-bone) en las calles y autopistas m\u00e1s transitadas de California. Accidentes de Cami\u00f3n Casos complejos que involucran camiones de carga, camionetas de entrega y empresas de log\u00edstica, donde el &#8220;sistema&#8221; realmente pone todo en su contra. Accidentes de Motocicleta Protegemos a los motociclistas que, a menudo, son culpados injustamente por las aseguradoras, a pesar de ser los m\u00e1s vulnerables en la carretera. Accidentes de Viajes Compartidos Navegamos las complicadas capas de seguros cuando usted resulta lesionado como pasajero o es golpeado por un conductor distra\u00eddo de Uber o Lyft. Accidentes de Peatones Ask Lupe le brinda la defensa feroz que usted necesita para responsabilizar a los conductores negligentes y asegurar la compensaci\u00f3n necesaria para su recuperaci\u00f3n. Accidentes de Bicicleta Si ha sido atropellado mientras montaba en bicicleta, Ask Lupe. Nosotros nivelamos el campo de juego contra las grandes aseguradoras para asegurar que nuestra gente en bicicleta sea respetada y pueda recuperar su bienestar total. \u00bfPor qu\u00e9 elegir nuestra firma? Sin honorarios a menos que ganemos: Usted enf\u00f3quese en sanar; nosotros nos encargamos del riesgo financiero. Acceso directo a los socios: Su caso no ser\u00e1 entregado a un asistente o empleado principiante. Resultados comprobados: Contamos con una trayectoria s\u00f3lida logrando acuerdos de alto valor y veredictos en juicios. \u00bfEst\u00e1 listo para hablar de su caso? Evaluar Mi Caso<\/p>\n","protected":false},"author":1,"featured_media":0,"parent":3541,"menu_order":0,"comment_status":"closed","ping_status":"closed","template":"","meta":{"footnotes":""},"class_list":["post-4258","page","type-page","status-publish","hentry"],"_hostinger_reach_plugin_has_subscription_block":false,"_hostinger_reach_plugin_is_elementor":false,"_links":{"self":[{"href":"https:\/\/asklupe.com\/es\/wp-json\/wp\/v2\/pages\/4258","targetHints":{"allow":["GET"]}}],"collection":[{"href":"https:\/\/asklupe.com\/es\/wp-json\/wp\/v2\/pages"}],"about":[{"href":"https:\/\/asklupe.com\/es\/wp-json\/wp\/v2\/types\/page"}],"author":[{"embeddable":true,"href":"https:\/\/asklupe.com\/es\/wp-json\/wp\/v2\/users\/1"}],"replies":[{"embeddable":true,"href":"https:\/\/asklupe.com\/es\/wp-json\/wp\/v2\/comments?post=4258"}],"version-history":[{"count":34,"href":"https:\/\/asklupe.com\/es\/wp-json\/wp\/v2\/pages\/4258\/revisions"}],"predecessor-version":[{"id":5176,"href":"https:\/\/asklupe.com\/es\/wp-json\/wp\/v2\/pages\/4258\/revisions\/5176"}],"up":[{"embeddable":true,"href":"https:\/\/asklupe.com\/es\/wp-json\/wp\/v2\/pages\/3541"}],"wp:attachment":[{"href":"https:\/\/asklupe.com\/es\/wp-json\/wp\/v2\/media?parent=4258"}],"curies":[{"name":"wp","href":"https:\/\/api.w.org\/{rel}","templated":true}]}}